{"id":102,"date":"2014-07-31T22:34:50","date_gmt":"2014-08-01T05:34:50","guid":{"rendered":"http:\/\/justlashes.com.mx\/n\/?page_id=102"},"modified":"2021-03-02T15:47:35","modified_gmt":"2021-03-02T22:47:35","slug":"dates","status":"publish","type":"page","link":"https:\/\/www.justlashesusa.com\/es\/dates\/","title":{"rendered":"Fechas"},"content":{"rendered":"<div data-elementor-type=\"wp-page\" data-elementor-id=\"102\" class=\"elementor elementor-102\" data-elementor-settings=\"[]\">\n\t\t\t\t\t\t<div class=\"elementor-inner\">\n\t\t\t\t\t\t\t<div class=\"elementor-section-wrap\">\n\t\t\t\t\t\t\t<section class=\"elementor-section elementor-top-section elementor-element elementor-element-202374f elementor-section-boxed elementor-section-height-default elementor-section-height-default\" data-id=\"202374f\" data-element_type=\"section\">\n\t\t\t\t\t\t<div class=\"elementor-container elementor-column-gap-default\">\n\t\t\t\t\t\t\t<div class=\"elementor-row\">\n\t\t\t\t\t<div class=\"elementor-column elementor-col-100 elementor-top-column elementor-element elementor-element-29aa024\" data-id=\"29aa024\" data-element_type=\"column\">\n\t\t\t<div class=\"elementor-column-wrap elementor-element-populated\">\n\t\t\t\t\t\t\t<div class=\"elementor-widget-wrap\">\n\t\t\t\t\t\t<div class=\"elementor-element elementor-element-7d0c847 elementor-widget elementor-widget-jet-posts\" data-id=\"7d0c847\" data-element_type=\"widget\" data-widget_type=\"jet-posts.default\">\n\t\t\t\t<div class=\"elementor-widget-container\">\n\t\t\t<div class=\"elementor-jet-posts jet-elements\"><div class=\"jet-posts col-row  jet-equal-cols\"><div class=\"jet-posts__item col-desk-3\">\n\t<div class=\"jet-posts__inner-box\"><div class=\"post-thumbnail\"><a href=\"https:\/\/www.justlashesusa.com\/es\/curso-en-hermosillo-extensiones-pestanas\/\" class=\"post-thumbnail__link\"><img class=\"post-thumbnail__img wp-post-image\" src=\"https:\/\/www.justlashesusa.com\/wp-content\/uploads\/2019\/09\/11.jpg\" alt=\"Curso Extensiones de pesta\u00f1as\" loading=\"lazy\" width=\"1080\" height=\"1080\"><\/a><\/div><div class=\"jet-posts__inner-content\"><h4 class=\"entry-title\"><a href=\"https:\/\/www.justlashesusa.com\/es\/curso-en-hermosillo-extensiones-pestanas\/\">Curso Extensiones de pesta\u00f1as<\/a><\/h4><div class=\"entry-excerpt\">Ocupas un ingreso adicional desde casa, o tienes un sal\u00f3n y ocupas m\u00e1s ganancias, ac\u00e9rcate con nosotros te llevamos de&hellip;<\/div><div class=\"jet-more-wrap\"><a href=\"https:\/\/www.justlashesusa.com\/es\/curso-en-hermosillo-extensiones-pestanas\/\" class=\"btn btn-primary elementor-button elementor-size-md jet-more\"><span class=\"btn__text\">READ MORE<\/span><\/a><\/div><\/div><\/div>\n<\/div>\n<div class=\"jet-posts__item col-desk-3\">\n\t<div class=\"jet-posts__inner-box\"><div class=\"post-thumbnail\"><a href=\"https:\/\/www.justlashesusa.com\/es\/curso-en-hermosillo-tecnica-clasica-29-de-julio-2019\/\" class=\"post-thumbnail__link\"><img class=\"post-thumbnail__img wp-post-image\" src=\"https:\/\/www.justlashesusa.com\/wp-content\/uploads\/2019\/01\/evento-FB.jpg\" alt=\"Curso En Hermosillo Tecnica clasica\" loading=\"lazy\" width=\"1920\" height=\"1080\"><\/a><\/div><div class=\"jet-posts__inner-content\"><h4 class=\"entry-title\"><a href=\"https:\/\/www.justlashesusa.com\/es\/curso-en-hermosillo-tecnica-clasica-29-de-julio-2019\/\">Curso En Hermosillo Tecnica clasica<\/a><\/h4><div class=\"entry-excerpt\">Estamos trabjando de forma personalizada por lo que siempre estamos agendando cursos. Agenda tu curso hoy mismo via whatsapp al&hellip;<\/div><div class=\"jet-more-wrap\"><a href=\"https:\/\/www.justlashesusa.com\/es\/curso-en-hermosillo-tecnica-clasica-29-de-julio-2019\/\" class=\"btn btn-primary elementor-button elementor-size-md jet-more\"><span class=\"btn__text\">READ MORE<\/span><\/a><\/div><\/div><\/div>\n<\/div>\n<div class=\"jet-posts__item col-desk-3\">\n\t<div class=\"jet-posts__inner-box\"><div class=\"post-thumbnail\"><a href=\"https:\/\/www.justlashesusa.com\/es\/microblading-hd-curso-intensivo\/\" class=\"post-thumbnail__link\"><img class=\"post-thumbnail__img wp-post-image\" src=\"https:\/\/www.justlashesusa.com\/wp-content\/uploads\/2019\/03\/colage.jpg\" alt=\"Microblading Master Class Personalizado\" loading=\"lazy\" width=\"900\" height=\"480\"><\/a><\/div><div class=\"jet-posts__inner-content\"><h4 class=\"entry-title\"><a href=\"https:\/\/www.justlashesusa.com\/es\/microblading-hd-curso-intensivo\/\">Microblading Master Class Personalizado<\/a><\/h4><div class=\"entry-excerpt\">\u00bfTienes problemas con retenci\u00f3n de color o cambio de tono de color? \u00bfTienes problemas con los patrones de trazos, dobles&hellip;<\/div><div class=\"jet-more-wrap\"><a href=\"https:\/\/www.justlashesusa.com\/es\/microblading-hd-curso-intensivo\/\" class=\"btn btn-primary elementor-button elementor-size-md jet-more\"><span class=\"btn__text\">READ MORE<\/span><\/a><\/div><\/div><\/div>\n<\/div>\n<\/div>\n<\/div>\t\t<\/div>\n\t\t\t\t<\/div>\n\t\t\t\t\t\t<\/div>\n\t\t\t\t\t<\/div>\n\t\t<\/div>\n\t\t\t\t\t\t\t\t<\/div>\n\t\t\t\t\t<\/div>\n\t\t<\/section>\n\t\t\t\t\t\t<\/div>\n\t\t\t\t\t\t<\/div>\n\t\t\t\t\t<\/div>","protected":false},"excerpt":{"rendered":"<p>Brows Laminated \/ lash lifting + VLB (Vegan Lash botox) Hermosillo&nbsp;&nbsp; whork shop&nbsp; VIP&nbsp; Brows Laminated \/ lash lifting + VLB (Vegan Lash botox) 4 horas Se requiere modelo para&hellip;READ MORE Curso\/taller y actualizacion de Extensiones de pest\u00f1as tecnica RUSA Ocupas un ingreso adicional desde casa, o tienes un sal\u00f3n y ocupas m\u00e1s ganancias, ac\u00e9rcate [&hellip;]<\/p>","protected":false},"author":2,"featured_media":0,"parent":0,"menu_order":0,"comment_status":"closed","ping_status":"closed","template":"elementor_theme","meta":[],"yoast_head":"<!-- This site is optimized with the Yoast SEO plugin v16.6.1 - https:\/\/yoast.com\/wordpress\/plugins\/seo\/ -->\n<title>Dates - Just Lashes<\/title>\n<meta name=\"robots\" content=\"index, follow, max-snippet:-1, max-image-preview:large, max-video-preview:-1\" \/>\n<link rel=\"canonical\" href=\"https:\/\/www.justlashesusa.com\/es\/dates\/\" \/>\n<meta property=\"og:locale\" content=\"es_MX\" \/>\n<meta property=\"og:type\" content=\"article\" \/>\n<meta property=\"og:title\" content=\"Dates - Just Lashes\" \/>\n<meta property=\"og:description\" content=\"Brows Laminated \/ lash lifting + VLB (Vegan Lash botox) Hermosillo&nbsp;&nbsp; whork shop&nbsp; VIP&nbsp; Brows Laminated \/ lash lifting + VLB (Vegan Lash botox) 4 horas Se requiere modelo para&hellip;READ MORE Curso\/taller y actualizacion de Extensiones de pest\u00f1as tecnica RUSA Ocupas un ingreso adicional desde casa, o tienes un sal\u00f3n y ocupas m\u00e1s ganancias, ac\u00e9rcate [&hellip;]\" \/>\n<meta property=\"og:url\" content=\"https:\/\/www.justlashesusa.com\/es\/dates\/\" \/>\n<meta property=\"og:site_name\" content=\"Just Lashes\" \/>\n<meta property=\"article:publisher\" content=\"https:\/\/www.facebook.com\/justlashes.mx\/\" \/>\n<meta property=\"article:modified_time\" content=\"2021-03-02T22:47:35+00:00\" \/>\n<meta property=\"og:image\" content=\"https:\/\/www.justlashesusa.com\/wp-content\/uploads\/2020\/03\/2.png\" \/>\n<meta name=\"twitter:label1\" content=\"Tiempo de lectura\" \/>\n\t<meta name=\"twitter:data1\" content=\"2 minutos\" \/>\n<script type=\"application\/ld+json\" class=\"yoast-schema-graph\">{\"@context\":\"https:\/\/schema.org\",\"@graph\":[{\"@type\":\"WebSite\",\"@id\":\"https:\/\/www.justlashesusa.com\/#website\",\"url\":\"https:\/\/www.justlashesusa.com\/\",\"name\":\"Just Lashes\",\"description\":\"Eyelash Extensions\",\"potentialAction\":[{\"@type\":\"SearchAction\",\"target\":{\"@type\":\"EntryPoint\",\"urlTemplate\":\"https:\/\/www.justlashesusa.com\/?s={search_term_string}\"},\"query-input\":\"required name=search_term_string\"}],\"inLanguage\":\"es-MX\"},{\"@type\":\"ImageObject\",\"@id\":\"https:\/\/www.justlashesusa.com\/dates\/#primaryimage\",\"inLanguage\":\"es-MX\",\"url\":\"https:\/\/www.justlashesusa.com\/wp-content\/uploads\/2020\/03\/2.png\",\"contentUrl\":\"https:\/\/www.justlashesusa.com\/wp-content\/uploads\/2020\/03\/2.png\",\"width\":1080,\"height\":1080},{\"@type\":\"WebPage\",\"@id\":\"https:\/\/www.justlashesusa.com\/dates\/#webpage\",\"url\":\"https:\/\/www.justlashesusa.com\/dates\/\",\"name\":\"Dates - Just Lashes\",\"isPartOf\":{\"@id\":\"https:\/\/www.justlashesusa.com\/#website\"},\"primaryImageOfPage\":{\"@id\":\"https:\/\/www.justlashesusa.com\/dates\/#primaryimage\"},\"datePublished\":\"2014-08-01T05:34:50+00:00\",\"dateModified\":\"2021-03-02T22:47:35+00:00\",\"breadcrumb\":{\"@id\":\"https:\/\/www.justlashesusa.com\/dates\/#breadcrumb\"},\"inLanguage\":\"es-MX\",\"potentialAction\":[{\"@type\":\"ReadAction\",\"target\":[\"https:\/\/www.justlashesusa.com\/dates\/\"]}]},{\"@type\":\"BreadcrumbList\",\"@id\":\"https:\/\/www.justlashesusa.com\/dates\/#breadcrumb\",\"itemListElement\":[{\"@type\":\"ListItem\",\"position\":1,\"name\":\"Portada\",\"item\":\"https:\/\/www.justlashesusa.com\/\"},{\"@type\":\"ListItem\",\"position\":2,\"name\":\"Dates\"}]}]}<\/script>\n<!-- \/ Yoast SEO plugin. -->","_links":{"self":[{"href":"https:\/\/www.justlashesusa.com\/es\/wp-json\/wp\/v2\/pages\/102"}],"collection":[{"href":"https:\/\/www.justlashesusa.com\/es\/wp-json\/wp\/v2\/pages"}],"about":[{"href":"https:\/\/www.justlashesusa.com\/es\/wp-json\/wp\/v2\/types\/page"}],"author":[{"embeddable":true,"href":"https:\/\/www.justlashesusa.com\/es\/wp-json\/wp\/v2\/users\/2"}],"replies":[{"embeddable":true,"href":"https:\/\/www.justlashesusa.com\/es\/wp-json\/wp\/v2\/comments?post=102"}],"version-history":[{"count":39,"href":"https:\/\/www.justlashesusa.com\/es\/wp-json\/wp\/v2\/pages\/102\/revisions"}],"predecessor-version":[{"id":2017,"href":"https:\/\/www.justlashesusa.com\/es\/wp-json\/wp\/v2\/pages\/102\/revisions\/2017"}],"wp:attachment":[{"href":"https:\/\/www.justlashesusa.com\/es\/wp-json\/wp\/v2\/media?parent=102"}],"curies":[{"name":"wp","href":"https:\/\/api.w.org\/{rel}","templated":true}]}}