{"id":107,"date":"2014-07-31T22:43:08","date_gmt":"2014-07-31T22:43:08","guid":{"rendered":"http:\/\/justlashes.com.mx\/n\/?page_id=107"},"modified":"2021-01-28T14:54:02","modified_gmt":"2021-01-28T21:54:02","slug":"faqs","status":"publish","type":"page","link":"https:\/\/www.justlashesusa.com\/es\/faqs\/","title":{"rendered":"FAQ&#8217;s"},"content":{"rendered":"<div data-elementor-type=\"wp-page\" data-elementor-id=\"107\" class=\"elementor elementor-107\" data-elementor-settings=\"[]\">\n\t\t\t\t\t\t<div class=\"elementor-inner\">\n\t\t\t\t\t\t\t<div class=\"elementor-section-wrap\">\n\t\t\t\t\t\t\t<section class=\"elementor-section elementor-top-section elementor-element elementor-element-9082606 elementor-section-boxed elementor-section-height-default elementor-section-height-default\" data-id=\"9082606\" data-element_type=\"section\">\n\t\t\t\t\t\t<div class=\"elementor-container elementor-column-gap-default\">\n\t\t\t\t\t\t\t<div class=\"elementor-row\">\n\t\t\t\t\t<div class=\"elementor-column elementor-col-100 elementor-top-column elementor-element elementor-element-a4fea74\" data-id=\"a4fea74\" data-element_type=\"column\">\n\t\t\t<div class=\"elementor-column-wrap elementor-element-populated\">\n\t\t\t\t\t\t\t<div class=\"elementor-widget-wrap\">\n\t\t\t\t\t\t<div class=\"elementor-element elementor-element-4775f8e elementor-widget elementor-widget-text-editor\" data-id=\"4775f8e\" data-element_type=\"widget\" data-widget_type=\"text-editor.default\">\n\t\t\t\t<div class=\"elementor-widget-container\">\n\t\t\t\t\t\t\t\t<div class=\"elementor-text-editor elementor-clearfix\">\n\t\t\t\t\t<p><strong>1.\u00a0\u00a0\u00a0No tengo experiencia en compras por internet y siento desconfianza.<\/strong><\/p>\n<p>Temer ser v\u00edctima de un fraude al comprar por internet es com\u00fan. Al comprar y no recibir el art\u00edculo adquirido se es v\u00edctima de fraude, pero tambi\u00e9n se es v\u00edctima de fraude al recibir un art\u00edculo distinto al adquirido, es decir, de distinta categor\u00eda, calidad, precio, color, talla, o cualquier otra cualidad.<\/p>\n<p>Para evitar esto, los usuarios de internet se han dado a la tarea de retroalimentar las operaciones que realizan, tal retroalimentaci\u00f3n es fundamental para que los usuarios que a\u00fan no tienen ni la experiencia ni la confianza suficientes puedan tomar una decisi\u00f3n m\u00e1s acertada en cuanto a adquirir o no sus art\u00edculos con determinado proveedor por internet.<\/p>\n<p><strong>2.\u00a0\u00a0\u00a0Quiero comprar pero no estoy seguro(a) de lo que necesito.<\/strong><\/p>\n<p>En Just Lashes M\u00e9xico estamos comprometidos con la excelencia y como parte de ello nos puede hacer cualquier pregunta que necesite antes de hacer su compra, de esta manera podemos recomendarle los art\u00edculos que pudiera convenirle.<\/p>\n<p><strong>3.\u00a0\u00a0\u00a0\u00bfSi el art\u00edculo que compr\u00e9 no me gusto lo puedo cambiar por otro igual o por otro de otra especie?<\/strong><\/p>\n<p>Tal como se menciona en la respuesta a la pregunta anterior, nuestro compromiso es enviarle al cliente en primera instancia la informaci\u00f3n que necesita.<\/p>\n<p>Habr\u00e1 ocasiones en las que a pesar de hacer lo necesario para encontrar la talla adecuada para el cliente no se consiga este objetivo. En estos casos es posible cambiar el art\u00edculo adquirido por cualquier otro de igual o mayor valor siempre y cuando se cumplan dos condiciones:<\/p>\n<ol>\n<li>Que el cliente incurra en los gastos de env\u00edo necesarios para devolver el art\u00edculo que desea cambiar a su lugar de origen y para enviar a su destino el art\u00edculo que lo sustituir\u00e1; y,<\/li>\n<li>Que el art\u00edculo devuelto est\u00e9 en las mismas condiciones en las que se envi\u00f3, incluido su empaque y\/o etiqueta cuando se trate de art\u00edculos que vienen en caja y con etiqueta.<\/li>\n<\/ol>\n<p>Cuando el art\u00edculo elegido en sustituci\u00f3n al adquirido en primera instancia sea de mayor valor el cliente deber\u00e1 cubrir la diferencia de precio y acreditar el pago a Just Lashes M\u00e9xico v\u00eda e-mail.<\/p>\n<p><strong>4.\u00a0\u00a0\u00a0\u00bfPuedo solicitar la devoluci\u00f3n de mi dinero?<\/strong><\/p>\n<p>Es posible solicitar en devoluci\u00f3n el importe pagado por el art\u00edculo adquirido m\u00e1s no el importe pagado por cuestiones de env\u00edo. Esto ser\u00e1 posible \u00fanica y exclusivamente si se cumplen las dos condiciones mencionadas en la respuesta de la pregunta anterior.<\/p>\n<p>Para el caso de las compras que se realizan en esta p\u00e1gina, deber\u00e1 descontarse del importe pagado por el art\u00edculo adquirido el 4.5% de dicho importe + $4.00 MXN, correspondientes a la tarifa de PayPal para el rango de\u00a0$0.00 MXN a $33,000.00 MXN, misma que puede ser consultada aqu\u00ed:\u00a0<a href=\"https:\/\/www.paypal.com\/mx\/cgi-bin\/webscr?cmd=_display-receiving-fees-outside&amp;countries=\" target=\"_blank\" rel=\"noopener\">https:\/\/www.paypal.com\/mx\/cgi-bin\/webscr?cmd=_display-receiving-fees-outside&amp;countries=<\/a><\/p>\n<p>Just Lashes Mexico es quien incurre en este costo por venta, por tal motivo dicho costo se traslada al cliente en caso de solicitar en devoluci\u00f3n el importe pagado por el art\u00edculo adquirido.<\/p>\n<p><strong>5.\u00a0\u00a0\u00a0Ya decid\u00ed comprar, \u00bfqu\u00e9 opciones de pago tengo?<\/strong><\/p>\n<p>Se puede comprar directamente en esta p\u00e1gina pagando con tarjeta de cr\u00e9dito. El dep\u00f3sito bancario es otra de las formas de pago, para lo cual ponemos a tu disposici\u00f3n las siguientes\u00a0instituciones bancarias:<\/p>\n<ul>\n<li>Banamex<\/li>\n<li>Bancomer<\/li>\n<li>HSBC<\/li>\n<li>ScotianBank<\/li>\n<li>Banorte<\/li>\n<li>OXXO<\/li>\n<\/ul>\n<p>Como cuarta y \u00faltima opci\u00f3n est\u00e1 la transferencia electr\u00f3nica. La informaci\u00f3n de la cuenta de banco tanto para el dep\u00f3sito bancario como para la transferencia electr\u00f3nica te la proporcionaremos una vez definido el pedido y corroborada la disponibilidad de los art\u00edculos a adquirir.<\/p>\n<p><strong>6.\u00a0\u00a0\u00a0\u00bfCu\u00e1nto cuesta el env\u00edo?<\/strong><\/p>\n<p>Todos los env\u00edos dentro de la Rep\u00fablica Mexicana tienen un mismo costo de $120.00 por Fedex de 2 a 3 d\u00edas h\u00e1biles o por 150 pesos por Fedex express, independientemente de la cantidad de art\u00edculos que se env\u00eden.<\/p>\n<p>Por el momento Just Lashes M\u00e9xico env\u00eda s\u00f3lo dentro de la Rep\u00fablica Mexicana y no se compromete con cualquier otra operaci\u00f3n cuya conclusi\u00f3n sea el env\u00edo fuera de los l\u00edmites de la Rep\u00fablica Mexicana.<\/p>\n<p>Habr\u00e1 ocasiones en las que debido a la naturaleza del art\u00edculo o de los art\u00edculos adquiridos Just Lashes M\u00e9xico cobrar\u00e1 una tarifa superior a la mencionada con anterioridad. Estos casos tendr\u00e1n que ver con el volumen, peso y\/o fragilidad del art\u00edculo o de los art\u00edculos adquiridos. Lo anterior queda a discreci\u00f3n de Just Lashes M\u00e9xico exclusivamente.<\/p>\n<p>Cabe aclarar que Just Lashes M\u00e9xico en ning\u00fan momento se beneficia del costo del env\u00edo, simplemente lo traslada al cliente. En este mismo sentido, Just Lashes M\u00e9xico buscar\u00e1 en todo momento la opci\u00f3n m\u00e1s econ\u00f3mica y segura de env\u00edo en beneficio directo del cliente y, si el caso lo permite, la tarifa pudiese ser menor a la mencionada, siendo lo anterior determinado \u00fanica y exclusivamente por Just Lashes M\u00e9xico.<\/p>\n<p><strong>7.\u00a0\u00a0\u00a0Opt\u00e9 por el dep\u00f3sito bancario, \u00bftengo que enviar la ficha de dep\u00f3sito?<\/strong><\/p>\n<p>S\u00ed ser\u00e1 indispensable, ya que de esta manera podemos agilizar el proceso, puede enviarla v\u00eda e-mail o what\u2019s up al tel\u00e9fono 662-314-4065<\/p>\n<p><strong>8.\u00a0\u00a0\u00a0\u00bfQu\u00e9 datos necesito proporcionar para el env\u00edo?<\/strong><\/p>\n<p>Para las entregas a domicilio ser\u00e1 indispensable proporcionar la siguiente informaci\u00f3n:<\/p>\n<ul>\n<li>Nombre completo del destinatario<\/li>\n<li>Direcci\u00f3n completa (incluir Calle; # de la casa o negocio; entre Calles; Colonia;<\/li>\n<li>Ciudad, Municipio o Delegaci\u00f3n; Estado; y, C\u00f3digo Postal)<\/li>\n<li>N\u00famero telef\u00f3nico (puede ser fijo o celular)<\/li>\n<\/ul>\n<p>Es importante mencionar que cualquier persona que se encuentre en el domicilio se\u00f1alado para la entrega y que atienda al personal de la paqueter\u00eda contratada para el env\u00edo puede recibir el paquete.<\/p>\n<p><strong>9.\u00a0\u00a0\u00a0\u00bfPuedo solicitar cualquier paqueter\u00eda para la cuesti\u00f3n del env\u00edo?<\/strong><\/p>\n<p>Just LAshes M\u00e9xico tiene convenio con FEDEX y como parte del mismo recibe tarifas especiales. Por lo que solo utilizamos esta paqueter\u00eda.<\/p>\n<p><strong>10.\u00a0\u00a0\u00a0\u00bfPuedo recoger el paquete en la Sucursal de FEDEX de mi localidad?<\/strong><\/p>\n<p>S\u00ed es posible recoger el paquete en la Sucursal de FEDEX de la localidad. Ser\u00e1 obligaci\u00f3n del cliente investigar si la Sucursal de FEDEX elegida cuenta con servicio Ocurre y proporcionar la informaci\u00f3n necesaria para identificar plenamente la Sucursal.<\/p>\n<p>Si a la hora de documentar un paquete el personal de FEDEX informa a Just Lashes M\u00e9xico que la Sucursal de FEDEX no cuenta con servicio Ocurre, Just Lashes M\u00e9xico podr\u00e1 enviar el paquete a cualquier otra Sucursal de FEDEX de la localidad del cliente que el personal de FEDEX proporcione como alternativa.<\/p>\n<p><strong>11.\u00a0\u00a0\u00a0\u00bfCu\u00e1l es el tiempo de entrega?<\/strong><\/p>\n<p>Para poder garantizar que el paquete que contiene el(los) art\u00edculo(s) adquirido(s) sea enviado el d\u00eda en que se pag\u00f3 es indispensable que el pago sea notificado a Just Lashes M\u00e9xico a m\u00e1s tardar a las 11:00 a.m. hora de Hermosillo Sonora, misma que puede ser consultada en\u00a0<a href=\"http:\/\/www.timeanddate.com\/worldclock\/city.html?n=65\" target=\"_blank\" rel=\"noopener\">http:\/\/www.timeanddate.com\/worldclock\/city.html?n=65<\/a><\/p>\n<p>FEDEX env\u00eda los paquetes que hayan sido documentados antes de mediod\u00eda, de ah\u00ed la importancia de lograr documentar antes de mediod\u00eda, en estos casos el d\u00eda cuenta para la cuesti\u00f3n de calcular los tiempos de entrega. Los paquetes que FEDEX recolecta por las tardes son enviados al siguiente d\u00eda h\u00e1bil.<\/p>\n<p>Los sobres tienen un tiempo de entrega de 2 a 3 d\u00edas h\u00e1biles y las cajas de 2 a 5 d\u00edas h\u00e1biles. Ejemplo: un sobre que es documentado a las 11:30 a.m. de un d\u00eda Lunes (d\u00eda 1) debe llegar a su destino como fecha l\u00edmite el d\u00eda Mi\u00e9rcoles (d\u00eda 3) de esa misma semana, con amplias probabilidades de que llegue el d\u00eda Martes (d\u00eda 2), considerando para este caso que ninguno de los 3 d\u00edas es feriado o inh\u00e1bil.<\/p>\n<p>Just Lashes M\u00e9xico determinar\u00e1 cu\u00e1ndo enviar\u00e1 en sobre y cu\u00e1ndo en caja, dependiendo sobre todo del volumen o fragilidad de lo que se est\u00e1 enviando.<\/p>\n<p>S\u00e1bados y Domingos son considerados d\u00edas inh\u00e1biles, m\u00e1s los que marca la Ley.<\/p>\n<p>Consulta el Calendario Laboral 2014 aqu\u00ed:<\/p>\n<figure class=\"wp-block-embed\">\n<div class=\"wp-block-embed__wrapper\">http:\/\/calendariolaboral.com.mx\/calendario-2014-mexico.html<\/div>\n<\/figure>\n<p>LOS TIEMPOS DE ENTREGA ANTERIORES NO APLICAN PARA LAS RUTAS EXTENDIDAS (LUGARES DE MUY BAJA DENSIDAD DE POBLACI\u00d3N Y\/O DE DIF\u00cdCIL ACCESO). PARA ESTAS RUTAS EXTENDIDAS LOS TIEMPOS DE ENTREGA PUEDEN PROLONGARSE HASTA 3 SEMANAS. SI ES PROBABLE QUE TU LUGAR DE ORIGEN SEA UNA RUTA EXTENDIDA SE RECOMIENDA CONSULTARLO ANTES.<\/p>\n<p>Just Lashes M\u00e9xico NO SE HACE RESPONSABLE DE UN PAQUETE SI FEDEX CUMPLE CON TODOS SUS PROTOCOLOS DE ENTREGA Y EL PAQUETE NO LOGRA SER ENTREGADO POR CAUSAS ATRIBUIBLES AL CLIENTE.<\/p>\n<p><strong>12.\u00a0\u00a0\u00a0\u00bfPuedo rastrear mi paquete?<\/strong><\/p>\n<p>Todo paquete documentado genera un n\u00famero de gu\u00eda mismo que se proporcionar\u00e1 a la mayor brevedad posible. El estatus y la ubicaci\u00f3n de un env\u00edo pueden consultarse en\u00a0<a href=\"http:\/\/fedex.com.mx\/\" target=\"_blank\" rel=\"noopener\">http:\/\/fedex.com.mx<\/a>\/\u00a0haciendo uso del n\u00famero de gu\u00eda proporcionado.<\/p>\n<p>Agradecemos reportar a la mayor brevedad posible cualquier situaci\u00f3n que Usted considere anormal, sobre todo si los tiempos de entrega mencionados en la respuesta de la pregunta anterior han transcurrido y el paquete a\u00fan no ha sido entregado. Sin embargo, se recomienda antes buscar una posible soluci\u00f3n en la Sucursal de FEDEX de su localidad o llamar al 01-800-900-1100.<\/p>\n<p><strong>13.\u00a0\u00a0\u00a0\u00bfHacen entregas locales?<\/strong><\/p>\n<p>S\u00ed hacemos entregas locales sin costo alguno, en un punto de encuentro que Just Lashes Mexico establecer\u00e1. Dentro de la ciudad de Hermosillo, Sonora.<\/p>\n<p><strong>14.\u00a0\u00a0\u00a0\u00bfViene asegurado mi paquete?<\/strong><\/p>\n<p>No viene asegurado. Si el cliente desea asegurar su paquete por el valor total de su contenido puede contratar el servicio de valor declarado (seguro de carga). Este servicio tiene un costo de $14.00 + IVA por millar. En caso de p\u00e9rdida total o parcial el cliente descontar\u00e1 por concepto de gastos administrativos sobre la cantidad a pagar el porcentaje del 20% de lo manifestado como valor declarado.<\/p>\n<p><strong>15.\u00a0\u00a0\u00a0Ya recib\u00ed el paquete y quisiera dar mi opini\u00f3n sobre el servicio recibido y la calidad de los art\u00edculos adquiridos, \u00bfd\u00f3nde puedo hacerlo?<\/strong><\/p>\n<p>Nos encantar\u00eda escuchar su opini\u00f3n acerca de nosotros para lo cual ponemos a su disposici\u00f3n el siguiente espacio: www.justlashes.com.mx<\/p>\n<p>Tomaremos muy en cuenta sus comentarios, nos debemos s\u00f3lo a Ustedes y buscaremos siempre que su experiencia con nosotros sea la mejor posible.<\/p>\n<p><strong>16.\u00a0\u00a0\u00a0Lo que busco no lo tienen disponible, \u00bfme lo pueden conseguir?<\/strong><\/p>\n<p>Haremos siempre el mayor de los esfuerzos por conseguir lo que Usted necesita.<\/p>\n<p>Para esta tarea nos es de gran utilidad contar con toda la informaci\u00f3n posible de eso que Usted busca tal como su nombre comercial, alguna imagen y\/o la direcci\u00f3n de alg\u00fan sitio de internet donde se muestre. La informaci\u00f3n anterior nos la puede hacer llegar al correo electr\u00f3nico ventas@justlashes.com.mx<\/p>\n<p>Responderemos a la mayor brevedad posible sobre el resultado de nuestra b\u00fasqueda.<\/p>\t\t\t\t\t<\/div>\n\t\t\t\t\t\t<\/div>\n\t\t\t\t<\/div>\n\t\t\t\t\t\t<\/div>\n\t\t\t\t\t<\/div>\n\t\t<\/div>\n\t\t\t\t\t\t\t\t<\/div>\n\t\t\t\t\t<\/div>\n\t\t<\/section>\n\t\t\t\t\t\t<\/div>\n\t\t\t\t\t\t<\/div>\n\t\t\t\t\t<\/div>","protected":false},"excerpt":{"rendered":"<p>1.&nbsp;&nbsp;&nbsp;No tengo experiencia en compras por internet y siento desconfianza. Temer ser v\u00edctima de un fraude al comprar por internet es com\u00fan. Al comprar y no recibir el art\u00edculo adquirido se es v\u00edctima de fraude, pero tambi\u00e9n se es v\u00edctima de fraude al recibir un art\u00edculo distinto al adquirido, es decir, de distinta categor\u00eda, calidad, [&hellip;]<\/p>","protected":false},"author":2,"featured_media":0,"parent":0,"menu_order":0,"comment_status":"open","ping_status":"open","template":"elementor_theme","meta":[],"yoast_head":"<!-- This site is optimized with the Yoast SEO plugin v16.6.1 - https:\/\/yoast.com\/wordpress\/plugins\/seo\/ -->\n<title>FAQ&#039;s - Just Lashes<\/title>\n<meta name=\"robots\" content=\"index, follow, max-snippet:-1, max-image-preview:large, max-video-preview:-1\" \/>\n<link rel=\"canonical\" href=\"https:\/\/www.justlashesusa.com\/es\/faqs\/\" \/>\n<meta property=\"og:locale\" content=\"es_MX\" \/>\n<meta property=\"og:type\" content=\"article\" \/>\n<meta property=\"og:title\" content=\"FAQ&#039;s - Just Lashes\" \/>\n<meta property=\"og:description\" content=\"1.&nbsp;&nbsp;&nbsp;No tengo experiencia en compras por internet y siento desconfianza. Temer ser v\u00edctima de un fraude al comprar por internet es com\u00fan. Al comprar y no recibir el art\u00edculo adquirido se es v\u00edctima de fraude, pero tambi\u00e9n se es v\u00edctima de fraude al recibir un art\u00edculo distinto al adquirido, es decir, de distinta categor\u00eda, calidad, [&hellip;]\" \/>\n<meta property=\"og:url\" content=\"https:\/\/www.justlashesusa.com\/es\/faqs\/\" \/>\n<meta property=\"og:site_name\" content=\"Just Lashes\" \/>\n<meta property=\"article:publisher\" content=\"https:\/\/www.facebook.com\/justlashes.mx\/\" \/>\n<meta property=\"article:modified_time\" content=\"2021-01-28T21:54:02+00:00\" \/>\n<meta property=\"og:image\" content=\"https:\/\/www.justlashesusa.com\/wp-content\/uploads\/2019\/12\/facebook_just_lashes.jpg\" \/>\n\t<meta property=\"og:image:width\" content=\"1200\" \/>\n\t<meta property=\"og:image:height\" content=\"628\" \/>\n<meta name=\"twitter:label1\" content=\"Tiempo de lectura\" \/>\n\t<meta name=\"twitter:data1\" content=\"8 minutos\" \/>\n<script type=\"application\/ld+json\" class=\"yoast-schema-graph\">{\"@context\":\"https:\/\/schema.org\",\"@graph\":[{\"@type\":\"WebSite\",\"@id\":\"https:\/\/www.justlashesusa.com\/#website\",\"url\":\"https:\/\/www.justlashesusa.com\/\",\"name\":\"Just Lashes\",\"description\":\"Eyelash Extensions\",\"potentialAction\":[{\"@type\":\"SearchAction\",\"target\":{\"@type\":\"EntryPoint\",\"urlTemplate\":\"https:\/\/www.justlashesusa.com\/?s={search_term_string}\"},\"query-input\":\"required name=search_term_string\"}],\"inLanguage\":\"es-MX\"},{\"@type\":\"WebPage\",\"@id\":\"https:\/\/www.justlashesusa.com\/faqs\/#webpage\",\"url\":\"https:\/\/www.justlashesusa.com\/faqs\/\",\"name\":\"FAQ's - Just Lashes\",\"isPartOf\":{\"@id\":\"https:\/\/www.justlashesusa.com\/#website\"},\"datePublished\":\"2014-07-31T22:43:08+00:00\",\"dateModified\":\"2021-01-28T21:54:02+00:00\",\"breadcrumb\":{\"@id\":\"https:\/\/www.justlashesusa.com\/faqs\/#breadcrumb\"},\"inLanguage\":\"es-MX\",\"potentialAction\":[{\"@type\":\"ReadAction\",\"target\":[\"https:\/\/www.justlashesusa.com\/faqs\/\"]}]},{\"@type\":\"BreadcrumbList\",\"@id\":\"https:\/\/www.justlashesusa.com\/faqs\/#breadcrumb\",\"itemListElement\":[{\"@type\":\"ListItem\",\"position\":1,\"name\":\"Portada\",\"item\":\"https:\/\/www.justlashesusa.com\/\"},{\"@type\":\"ListItem\",\"position\":2,\"name\":\"FAQ&#8217;s\"}]}]}<\/script>\n<!-- \/ Yoast SEO plugin. -->","_links":{"self":[{"href":"https:\/\/www.justlashesusa.com\/es\/wp-json\/wp\/v2\/pages\/107"}],"collection":[{"href":"https:\/\/www.justlashesusa.com\/es\/wp-json\/wp\/v2\/pages"}],"about":[{"href":"https:\/\/www.justlashesusa.com\/es\/wp-json\/wp\/v2\/types\/page"}],"author":[{"embeddable":true,"href":"https:\/\/www.justlashesusa.com\/es\/wp-json\/wp\/v2\/users\/2"}],"replies":[{"embeddable":true,"href":"https:\/\/www.justlashesusa.com\/es\/wp-json\/wp\/v2\/comments?post=107"}],"version-history":[{"count":6,"href":"https:\/\/www.justlashesusa.com\/es\/wp-json\/wp\/v2\/pages\/107\/revisions"}],"predecessor-version":[{"id":1858,"href":"https:\/\/www.justlashesusa.com\/es\/wp-json\/wp\/v2\/pages\/107\/revisions\/1858"}],"wp:attachment":[{"href":"https:\/\/www.justlashesusa.com\/es\/wp-json\/wp\/v2\/media?parent=107"}],"curies":[{"name":"wp","href":"https:\/\/api.w.org\/{rel}","templated":true}]}}