{"id":1869,"date":"2021-01-28T15:16:14","date_gmt":"2021-01-28T22:16:14","guid":{"rendered":"https:\/\/www.justlashes.com.mx\/?page_id=1869"},"modified":"2021-03-02T15:52:06","modified_gmt":"2021-03-02T22:52:06","slug":"tattoo-removal","status":"publish","type":"page","link":"https:\/\/www.justlashesusa.com\/es\/tattoo-removal\/","title":{"rendered":"Remoci\u00f3n de tatuajes"},"content":{"rendered":"<p><\/p>\n\n\n\n<p><\/p>\n\n\n<p>Aparte su cita al (662) 314 4065 con WhatsApp.<\/p>\n<p>Gracias a los avances en la tecnolog\u00eda de eliminaci\u00f3n de tatuajes con l\u00e1ser, Tienes alg\u00fan trabajo extravagante para cejas que cre\u00edas que amabas en los 90 o un trabajo de maquillaje permanente mal ejecutado que hiciste hace una semana, Just Lashes est\u00e1 aqu\u00ed para ayudarte a borrar los errores de tu pasado. Desde que abrimos, hemos recibido innumerables llamadas telef\u00f3nicas y correos electr\u00f3nicos preguntando si podemos corregir el maquillaje y los tatuajes permanentes. Afortunadamente, hemos podido ayudar a varios de esos tristes gritos con nuestra m\u00e1quina de eliminaci\u00f3n de tatuajes con l\u00e1ser de pico pulsaciones. Ampliamente reconocido por su rendimiento y precisi\u00f3n, Es el primer l\u00e1ser de picosegundo est\u00e9tico del mundo de este tipo. Todos nuestros servicios de eliminaci\u00f3n de l\u00e1ser son realizados internamente por personal preparado espec\u00edficamente para este tratamiento.<\/p>\n<p>\u00bfC\u00f3mo funciona?<\/p>\n<p>La eliminaci\u00f3n de tatuajes con l\u00e1ser, como su nombre indica, utiliza un l\u00e1ser de alta potencia para penetrar en la piel. Este l\u00e1ser hace que las part\u00edculas de pigmento vibren, eventualmente haciendo que las part\u00edculas se rompan en pedazos m\u00e1s peque\u00f1os, que desaparecen con el tiempo. La eliminaci\u00f3n de tatuajes con l\u00e1ser puede durar entre cinco y 15 minutos por sesi\u00f3n, con resultados graduales (los resultados variar\u00e1n de un caso a otro).<\/p>\n<p>\u00a0<\/p>\n<p>Beneficios<\/p>\n<p>*Cero cicatrices: nuestra m\u00e1quina ignora las c\u00e9lulas de la piel, lo que significa que el riesgo potencial de cicatrices es extremadamente bajo, especialmente en comparaci\u00f3n con las eliminaciones de \u00ablijado\u00bb y \u00abmicrodermabrasi\u00f3n\u00bb.<\/p>\n<p>* Recuperaci\u00f3n m\u00ednima: Con los cuidados posteriores, puede continuar viviendo su vida normalmente.<\/p>\n<p>* Seguro: a diferencia de las soluciones para el hogar, as\u00ed como otras \u00absoluciones\u00bb permanentes para eliminar maquillaje, la eliminaci\u00f3n de tatuajes con l\u00e1ser es una de las formas m\u00e1s seguras de eliminar un tatuaje. El riesgo de infecci\u00f3n y otros efectos secundarios indeseables es muy peque\u00f1o.<\/p>\n<p>* Realizado exclusivamente por personal altamente calificado para utilizar el l\u00e1ser: sabr\u00e1 que est\u00e1 en manos de expertos en el tema con experiencia en remoci\u00f3n de tatuajes corporales y de ceja.<\/p>\n<p>* Efectivo: la eliminaci\u00f3n por l\u00e1ser es extremadamente efectiva para eliminar el pigmento, a diferencia de otras opciones que pueden hacer que pague mucho dinero sin obtener resultados.<br \/>Los resultados son progresivos, y podemos obtener una disminuci\u00f3n de tonalidad de un 60% a un 90% dependiendo de cada persona, tipo de piel, pigmento utilizado en su tatuaje, as\u00ed como t\u00e9cnica utilizada por su tatuador.<\/p>\n<p>*L\u00e1ser Picosegundos filtro NDyag: nuestro l\u00e1ser es considerado el \u00abtratamiento de diamante\u00bb por los profesionales de la industria. Este l\u00e1ser puede desvanecerse y\/o eliminar el pigmento viejo con suficientes sesiones.<\/p>\n<p><br \/>Precio<br \/>Tatuaje de Ceja. 1,000 pesos primer sesi\u00f3n<br \/>500 pesos sesiones posteriores cada una<\/p>\n<p>\u00a0<\/p>\n<p>Precio especial 3 sesiones por 1,500 pesos<\/p>\n<p><br \/>Tatuajes corporales se cotizan aparte la cotizaci\u00f3n depender\u00e1 del tama\u00f1o de estos.<br \/>Contactarse por whatsapp al 662-314-4065<\/p>","protected":false},"excerpt":{"rendered":"<p>Save your appointment at (662) 314 4065 with WhatsApp. Thanks to advancements in laser tattoo removal technology, have you got any wacky brow job you thought you loved back in the 90s or a poorly executed permanent makeup job you did a week ago, Just Lashes is here to help you erase those mistakes from [&hellip;]<\/p>","protected":false},"author":26,"featured_media":0,"parent":0,"menu_order":0,"comment_status":"closed","ping_status":"closed","template":"elementor_theme","meta":[],"yoast_head":"<!-- This site is optimized with the Yoast SEO plugin v16.6.1 - https:\/\/yoast.com\/wordpress\/plugins\/seo\/ -->\n<title>Tattoo removal - Just Lashes<\/title>\n<meta name=\"robots\" content=\"index, follow, max-snippet:-1, max-image-preview:large, max-video-preview:-1\" \/>\n<link rel=\"canonical\" href=\"https:\/\/www.justlashesusa.com\/es\/tattoo-removal\/\" \/>\n<meta property=\"og:locale\" content=\"es_MX\" \/>\n<meta property=\"og:type\" content=\"article\" \/>\n<meta property=\"og:title\" content=\"Tattoo removal - Just Lashes\" \/>\n<meta property=\"og:description\" content=\"Save your appointment at (662) 314 4065 with WhatsApp. Thanks to advancements in laser tattoo removal technology, have you got any wacky brow job you thought you loved back in the 90s or a poorly executed permanent makeup job you did a week ago, Just Lashes is here to help you erase those mistakes from [&hellip;]\" \/>\n<meta property=\"og:url\" content=\"https:\/\/www.justlashesusa.com\/es\/tattoo-removal\/\" \/>\n<meta property=\"og:site_name\" content=\"Just Lashes\" \/>\n<meta property=\"article:publisher\" content=\"https:\/\/www.facebook.com\/justlashes.mx\/\" \/>\n<meta property=\"article:modified_time\" content=\"2021-03-02T22:52:06+00:00\" \/>\n<meta property=\"og:image\" content=\"https:\/\/www.justlashesusa.com\/wp-content\/uploads\/2019\/12\/facebook_just_lashes.jpg\" \/>\n\t<meta property=\"og:image:width\" content=\"1200\" \/>\n\t<meta property=\"og:image:height\" content=\"628\" \/>\n<meta name=\"twitter:label1\" content=\"Tiempo de lectura\" \/>\n\t<meta name=\"twitter:data1\" content=\"2 minutos\" \/>\n<script type=\"application\/ld+json\" class=\"yoast-schema-graph\">{\"@context\":\"https:\/\/schema.org\",\"@graph\":[{\"@type\":\"WebSite\",\"@id\":\"https:\/\/www.justlashesusa.com\/#website\",\"url\":\"https:\/\/www.justlashesusa.com\/\",\"name\":\"Just Lashes\",\"description\":\"Eyelash Extensions\",\"potentialAction\":[{\"@type\":\"SearchAction\",\"target\":{\"@type\":\"EntryPoint\",\"urlTemplate\":\"https:\/\/www.justlashesusa.com\/?s={search_term_string}\"},\"query-input\":\"required name=search_term_string\"}],\"inLanguage\":\"es-MX\"},{\"@type\":\"WebPage\",\"@id\":\"https:\/\/www.justlashesusa.com\/tattoo-removal\/#webpage\",\"url\":\"https:\/\/www.justlashesusa.com\/tattoo-removal\/\",\"name\":\"Tattoo removal - Just Lashes\",\"isPartOf\":{\"@id\":\"https:\/\/www.justlashesusa.com\/#website\"},\"datePublished\":\"2021-01-28T22:16:14+00:00\",\"dateModified\":\"2021-03-02T22:52:06+00:00\",\"breadcrumb\":{\"@id\":\"https:\/\/www.justlashesusa.com\/tattoo-removal\/#breadcrumb\"},\"inLanguage\":\"es-MX\",\"potentialAction\":[{\"@type\":\"ReadAction\",\"target\":[\"https:\/\/www.justlashesusa.com\/tattoo-removal\/\"]}]},{\"@type\":\"BreadcrumbList\",\"@id\":\"https:\/\/www.justlashesusa.com\/tattoo-removal\/#breadcrumb\",\"itemListElement\":[{\"@type\":\"ListItem\",\"position\":1,\"name\":\"Portada\",\"item\":\"https:\/\/www.justlashesusa.com\/\"},{\"@type\":\"ListItem\",\"position\":2,\"name\":\"Tattoo removal\"}]}]}<\/script>\n<!-- \/ Yoast SEO plugin. -->","_links":{"self":[{"href":"https:\/\/www.justlashesusa.com\/es\/wp-json\/wp\/v2\/pages\/1869"}],"collection":[{"href":"https:\/\/www.justlashesusa.com\/es\/wp-json\/wp\/v2\/pages"}],"about":[{"href":"https:\/\/www.justlashesusa.com\/es\/wp-json\/wp\/v2\/types\/page"}],"author":[{"embeddable":true,"href":"https:\/\/www.justlashesusa.com\/es\/wp-json\/wp\/v2\/users\/26"}],"replies":[{"embeddable":true,"href":"https:\/\/www.justlashesusa.com\/es\/wp-json\/wp\/v2\/comments?post=1869"}],"version-history":[{"count":14,"href":"https:\/\/www.justlashesusa.com\/es\/wp-json\/wp\/v2\/pages\/1869\/revisions"}],"predecessor-version":[{"id":2021,"href":"https:\/\/www.justlashesusa.com\/es\/wp-json\/wp\/v2\/pages\/1869\/revisions\/2021"}],"wp:attachment":[{"href":"https:\/\/www.justlashesusa.com\/es\/wp-json\/wp\/v2\/media?parent=1869"}],"curies":[{"name":"wp","href":"https:\/\/api.w.org\/{rel}","templated":true}]}}