{"id":602,"date":"2017-08-28T21:57:14","date_gmt":"2017-08-29T04:57:14","guid":{"rendered":"http:\/\/www.justlashes.com.mx\/?page_id=602"},"modified":"2021-03-02T15:48:44","modified_gmt":"2021-03-02T22:48:44","slug":"book-courses","status":"publish","type":"page","link":"https:\/\/www.justlashesusa.com\/es\/book-courses\/","title":{"rendered":"Book Courses"},"content":{"rendered":"<div data-elementor-type=\"wp-page\" data-elementor-id=\"602\" class=\"elementor elementor-602\" data-elementor-settings=\"[]\">\n\t\t\t\t\t\t<div class=\"elementor-inner\">\n\t\t\t\t\t\t\t<div class=\"elementor-section-wrap\">\n\t\t\t\t\t\t\t<section class=\"elementor-section elementor-top-section elementor-element elementor-element-5b90f2e elementor-section-boxed elementor-section-height-default elementor-section-height-default\" data-id=\"5b90f2e\" data-element_type=\"section\">\n\t\t\t\t\t\t<div class=\"elementor-container elementor-column-gap-default\">\n\t\t\t\t\t\t\t<div class=\"elementor-row\">\n\t\t\t\t\t<div class=\"elementor-column elementor-col-100 elementor-top-column elementor-element elementor-element-8719baf\" data-id=\"8719baf\" data-element_type=\"column\">\n\t\t\t<div class=\"elementor-column-wrap elementor-element-populated\">\n\t\t\t\t\t\t\t<div class=\"elementor-widget-wrap\">\n\t\t\t\t\t\t<div class=\"elementor-element elementor-element-7cc0f89 elementor-widget elementor-widget-text-editor\" data-id=\"7cc0f89\" data-element_type=\"widget\" data-widget_type=\"text-editor.default\">\n\t\t\t\t<div class=\"elementor-widget-container\">\n\t\t\t\t\t\t\t\t<div class=\"elementor-text-editor elementor-clearfix\">\n\t\t\t\t\t<p>Once we receive your information, we will contact you to confirm the date and proceed with the payment of the course.<\/p>\t\t\t\t\t<\/div>\n\t\t\t\t\t\t<\/div>\n\t\t\t\t<\/div>\n\t\t\t\t\t\t<\/div>\n\t\t\t\t\t<\/div>\n\t\t<\/div>\n\t\t\t\t\t\t\t\t<\/div>\n\t\t\t\t\t<\/div>\n\t\t<\/section>\n\t\t\t\t<section class=\"elementor-section elementor-top-section elementor-element elementor-element-0990141 elementor-section-boxed elementor-section-height-default elementor-section-height-default\" data-id=\"0990141\" data-element_type=\"section\">\n\t\t\t\t\t\t<div class=\"elementor-container elementor-column-gap-default\">\n\t\t\t\t\t\t\t<div class=\"elementor-row\">\n\t\t\t\t\t<div class=\"elementor-column elementor-col-33 elementor-top-column elementor-element elementor-element-273ce75\" data-id=\"273ce75\" data-element_type=\"column\">\n\t\t\t<div class=\"elementor-column-wrap\">\n\t\t\t\t\t\t\t<div class=\"elementor-widget-wrap\">\n\t\t\t\t\t\t\t\t<\/div>\n\t\t\t\t\t<\/div>\n\t\t<\/div>\n\t\t\t\t<div class=\"elementor-column elementor-col-33 elementor-top-column elementor-element elementor-element-7747eda\" data-id=\"7747eda\" data-element_type=\"column\">\n\t\t\t<div class=\"elementor-column-wrap elementor-element-populated\">\n\t\t\t\t\t\t\t<div class=\"elementor-widget-wrap\">\n\t\t\t\t\t\t<div class=\"elementor-element elementor-element-ad8aafc elementor-widget elementor-widget-contact-form-7\" data-id=\"ad8aafc\" data-element_type=\"widget\" data-widget_type=\"contact-form-7.default\">\n\t\t\t\t<div class=\"elementor-widget-container\">\n\t\t\t<div class=\"elementor-contact-form-7 jet-elements\"><div role=\"form\" class=\"wpcf7\" id=\"wpcf7-f601-o1\" lang=\"es-ES\" dir=\"ltr\">\n<div class=\"screen-reader-response\"><p role=\"status\" aria-live=\"polite\" aria-atomic=\"true\"><\/p> <ul><\/ul><\/div>\n<form action=\"\/es\/wp-json\/wp\/v2\/pages\/602#wpcf7-f601-o1\" method=\"post\" class=\"wpcf7-form init\" novalidate=\"novalidate\" data-status=\"init\" data-trp-original-action=\"\/es\/wp-json\/wp\/v2\/pages\/602#wpcf7-f601-o1\">\n<div style=\"display: none;\">\n<input type=\"hidden\" name=\"_wpcf7\" value=\"601\" \/>\n<input type=\"hidden\" name=\"_wpcf7_version\" value=\"5.4.1\" \/>\n<input type=\"hidden\" name=\"_wpcf7_locale\" value=\"es_ES\" \/>\n<input type=\"hidden\" name=\"_wpcf7_unit_tag\" value=\"wpcf7-f601-o1\" \/>\n<input type=\"hidden\" name=\"_wpcf7_container_post\" value=\"0\" \/>\n<input type=\"hidden\" name=\"_wpcf7_posted_data_hash\" value=\"\" \/>\n<\/div>\n<p>Name:<br \/>\n    <span class=\"wpcf7-form-control-wrap your-name\"><input type=\"text\" name=\"your-name\" value=\"\" size=\"40\" class=\"wpcf7-form-control wpcf7-text wpcf7-validates-as-required\" aria-required=\"true\" aria-invalid=\"false\" \/><\/span> <\/p>\n<p>E-mail:<br \/>\n    <span class=\"wpcf7-form-control-wrap your-email\"><input type=\"email\" name=\"your-email\" value=\"\" size=\"40\" class=\"wpcf7-form-control wpcf7-text wpcf7-email wpcf7-validates-as-required wpcf7-validates-as-email\" aria-required=\"true\" aria-invalid=\"false\" \/><\/span> <\/p>\n<p>Course:<br \/>\n   <span class=\"wpcf7-form-control-wrap menu-867\"><select name=\"menu-867\" class=\"wpcf7-form-control wpcf7-select wpcf7-validates-as-required\" aria-required=\"true\" aria-invalid=\"false\"><option value=\"\">---<\/option><option value=\"Curso t\u00e9cnica cl\u00e1sica de pesta\u00f1as, aislamiento y fusi\u00f3n 1\/100%\">Curso t\u00e9cnica cl\u00e1sica de pesta\u00f1as, aislamiento y fusi\u00f3n 1\/100%<\/option><option value=\"Curso t\u00e9cnica rusa de pesta\u00f1as\">Curso t\u00e9cnica rusa de pesta\u00f1as<\/option><option value=\"Curso t\u00e9cnica rusa de cejas\">Curso t\u00e9cnica rusa de cejas<\/option><option value=\"Taller rizado de pesta\u00f1as, alaciado de cejas y tinte de pesta\u00f1as\">Taller rizado de pesta\u00f1as, alaciado de cejas y tinte de pesta\u00f1as<\/option><\/select><\/span><\/p>\n<p>Date (available only Monday and Tuesday of each week):<br \/>\n  <span class=\"wpcf7-form-control-wrap date-947\"><input type=\"date\" name=\"date-947\" value=\"\" class=\"wpcf7-form-control wpcf7-date wpcf7-validates-as-required wpcf7-validates-as-date\" aria-required=\"true\" aria-invalid=\"false\" \/><\/span><\/p>\n<p>Message:<br \/>\n    <span class=\"wpcf7-form-control-wrap your-message\"><textarea name=\"your-message\" cols=\"40\" rows=\"10\" class=\"wpcf7-form-control wpcf7-textarea\" aria-invalid=\"false\"><\/textarea><\/span> <\/p>\n<p><input type=\"submit\" value=\"Book now\" class=\"wpcf7-form-control wpcf7-submit\" \/><\/p>\n<div class=\"wpcf7-response-output\" aria-hidden=\"true\"><\/div><input type=\"hidden\" name=\"trp-form-language\" value=\"es\"\/><\/form><\/div><\/div>\t\t<\/div>\n\t\t\t\t<\/div>\n\t\t\t\t\t\t<\/div>\n\t\t\t\t\t<\/div>\n\t\t<\/div>\n\t\t\t\t<div class=\"elementor-column elementor-col-33 elementor-top-column elementor-element elementor-element-3fb206d\" data-id=\"3fb206d\" data-element_type=\"column\">\n\t\t\t<div class=\"elementor-column-wrap\">\n\t\t\t\t\t\t\t<div class=\"elementor-widget-wrap\">\n\t\t\t\t\t\t\t\t<\/div>\n\t\t\t\t\t<\/div>\n\t\t<\/div>\n\t\t\t\t\t\t\t\t<\/div>\n\t\t\t\t\t<\/div>\n\t\t<\/section>\n\t\t\t\t\t\t<\/div>\n\t\t\t\t\t\t<\/div>\n\t\t\t\t\t<\/div>","protected":false},"excerpt":{"rendered":"<p>Once we receive your information, we will contact you to confirm the date and proceed with the payment of the course. Nombre: E-mail: Curso: &#8212;Curso t\u00e9cnica cl\u00e1sica de pesta\u00f1as, aislamiento y fusi\u00f3n 1\/100%Curso t\u00e9cnica rusa de pesta\u00f1asCurso t\u00e9cnica rusa de cejasTaller rizado de pesta\u00f1as, alaciado de cejas y tinte de pesta\u00f1as Fecha (disponible \u00fanicamente Lunes [&hellip;]<\/p>","protected":false},"author":26,"featured_media":0,"parent":0,"menu_order":0,"comment_status":"open","ping_status":"closed","template":"elementor_theme","meta":[],"yoast_head":"<!-- This site is optimized with the Yoast SEO plugin v16.6.1 - https:\/\/yoast.com\/wordpress\/plugins\/seo\/ -->\n<title>Book Courses - Just Lashes<\/title>\n<meta name=\"robots\" content=\"index, follow, max-snippet:-1, max-image-preview:large, max-video-preview:-1\" \/>\n<link rel=\"canonical\" href=\"https:\/\/www.justlashesusa.com\/es\/book-courses\/\" \/>\n<meta property=\"og:locale\" content=\"es_MX\" \/>\n<meta property=\"og:type\" content=\"article\" \/>\n<meta property=\"og:title\" content=\"Book Courses - Just Lashes\" \/>\n<meta property=\"og:description\" content=\"Once we receive your information, we will contact you to confirm the date and proceed with the payment of the course. Nombre: E-mail: Curso: &#8212;Curso t\u00e9cnica cl\u00e1sica de pesta\u00f1as, aislamiento y fusi\u00f3n 1\/100%Curso t\u00e9cnica rusa de pesta\u00f1asCurso t\u00e9cnica rusa de cejasTaller rizado de pesta\u00f1as, alaciado de cejas y tinte de pesta\u00f1as Fecha (disponible \u00fanicamente Lunes [&hellip;]\" \/>\n<meta property=\"og:url\" content=\"https:\/\/www.justlashesusa.com\/es\/book-courses\/\" \/>\n<meta property=\"og:site_name\" content=\"Just Lashes\" \/>\n<meta property=\"article:publisher\" content=\"https:\/\/www.facebook.com\/justlashes.mx\/\" \/>\n<meta property=\"article:modified_time\" content=\"2021-03-02T22:48:44+00:00\" \/>\n<meta property=\"og:image\" content=\"https:\/\/www.justlashesusa.com\/wp-content\/uploads\/2019\/12\/facebook_just_lashes.jpg\" \/>\n\t<meta property=\"og:image:width\" content=\"1200\" \/>\n\t<meta property=\"og:image:height\" content=\"628\" \/>\n<meta name=\"twitter:label1\" content=\"Tiempo de lectura\" \/>\n\t<meta name=\"twitter:data1\" content=\"1 minuto\" \/>\n<script type=\"application\/ld+json\" class=\"yoast-schema-graph\">{\"@context\":\"https:\/\/schema.org\",\"@graph\":[{\"@type\":\"WebSite\",\"@id\":\"https:\/\/www.justlashesusa.com\/#website\",\"url\":\"https:\/\/www.justlashesusa.com\/\",\"name\":\"Just Lashes\",\"description\":\"Eyelash Extensions\",\"potentialAction\":[{\"@type\":\"SearchAction\",\"target\":{\"@type\":\"EntryPoint\",\"urlTemplate\":\"https:\/\/www.justlashesusa.com\/?s={search_term_string}\"},\"query-input\":\"required name=search_term_string\"}],\"inLanguage\":\"es-MX\"},{\"@type\":\"WebPage\",\"@id\":\"https:\/\/www.justlashesusa.com\/book-courses\/#webpage\",\"url\":\"https:\/\/www.justlashesusa.com\/book-courses\/\",\"name\":\"Book Courses - Just Lashes\",\"isPartOf\":{\"@id\":\"https:\/\/www.justlashesusa.com\/#website\"},\"datePublished\":\"2017-08-29T04:57:14+00:00\",\"dateModified\":\"2021-03-02T22:48:44+00:00\",\"breadcrumb\":{\"@id\":\"https:\/\/www.justlashesusa.com\/book-courses\/#breadcrumb\"},\"inLanguage\":\"es-MX\",\"potentialAction\":[{\"@type\":\"ReadAction\",\"target\":[\"https:\/\/www.justlashesusa.com\/book-courses\/\"]}]},{\"@type\":\"BreadcrumbList\",\"@id\":\"https:\/\/www.justlashesusa.com\/book-courses\/#breadcrumb\",\"itemListElement\":[{\"@type\":\"ListItem\",\"position\":1,\"name\":\"Portada\",\"item\":\"https:\/\/www.justlashesusa.com\/\"},{\"@type\":\"ListItem\",\"position\":2,\"name\":\"Book Courses\"}]}]}<\/script>\n<!-- \/ Yoast SEO plugin. -->","_links":{"self":[{"href":"https:\/\/www.justlashesusa.com\/es\/wp-json\/wp\/v2\/pages\/602"}],"collection":[{"href":"https:\/\/www.justlashesusa.com\/es\/wp-json\/wp\/v2\/pages"}],"about":[{"href":"https:\/\/www.justlashesusa.com\/es\/wp-json\/wp\/v2\/types\/page"}],"author":[{"embeddable":true,"href":"https:\/\/www.justlashesusa.com\/es\/wp-json\/wp\/v2\/users\/26"}],"replies":[{"embeddable":true,"href":"https:\/\/www.justlashesusa.com\/es\/wp-json\/wp\/v2\/comments?post=602"}],"version-history":[{"count":8,"href":"https:\/\/www.justlashesusa.com\/es\/wp-json\/wp\/v2\/pages\/602\/revisions"}],"predecessor-version":[{"id":2020,"href":"https:\/\/www.justlashesusa.com\/es\/wp-json\/wp\/v2\/pages\/602\/revisions\/2020"}],"wp:attachment":[{"href":"https:\/\/www.justlashesusa.com\/es\/wp-json\/wp\/v2\/media?parent=602"}],"curies":[{"name":"wp","href":"https:\/\/api.w.org\/{rel}","templated":true}]}}